{"id":7014,"date":"2017-10-27T16:15:45","date_gmt":"2017-10-27T14:15:45","guid":{"rendered":"https:\/\/www.sutures.be\/smi\/"},"modified":"2023-11-07T20:51:23","modified_gmt":"2023-11-07T19:51:23","slug":"smi","status":"publish","type":"page","link":"https:\/\/www.sutures.be\/de\/","title":{"rendered":"SMI"},"content":{"rendered":"<h2>Chirurgisches Nahtmaterial von h\u00f6chster Qualit\u00e4t<\/h2>\n<p>Die SMI AG &#8211; das erste belgische Unternehmen, das chirurgisches Nahtmaterial hergestellt hat &#8211; wurde 1987 gegr\u00fcndet und ist seither rasant gewachsen. Heute ist es als weltweit t\u00e4tiger Hersteller von chirurgischem Nahtmaterial anerkannt. Das Unternehmen ist in St. Vith angesiedelt, im Osten Belgiens, ganz in der N\u00e4he des 3-L\u00e4nderecks Belgien-Deutschland-Luxemburg.<\/p>\n","protected":false},"excerpt":{"rendered":"<p>Chirurgisches Nahtmaterial von h\u00f6chster Qualit\u00e4t Die SMI AG &#8211; das erste belgische Unternehmen, das chirurgisches Nahtmaterial hergestellt hat &#8211; wurde [&hellip;]<\/p>\n","protected":false},"author":2,"featured_media":0,"parent":0,"menu_order":0,"comment_status":"closed","ping_status":"closed","template":"page-accueil.php","meta":{"footnotes":""},"acf":[],"yoast_head":"<!-- This site is optimized with the Yoast SEO plugin v21.3 - https:\/\/yoast.com\/wordpress\/plugins\/seo\/ -->\n<title>SMI - weltweiter Anbieter von Nahtmaterial h\u00f6chster Qualit\u00e4t<\/title>\n<meta name=\"description\" content=\"Die SMI AG - das erste belgische Unternehmen, das chirurgisches, ophthalmologisches und zahn\u00e4rztliches Nahtmaterial hergestellt hat - wurde 1987 gegr\u00fcndet und ist heute als weltweit t\u00e4tiger Hersteller von chirurgischem Nahtmaterial anerkannt.\" \/>\n<meta name=\"robots\" content=\"index, follow, max-snippet:-1, max-image-preview:large, max-video-preview:-1\" \/>\n<link rel=\"canonical\" href=\"https:\/\/www.sutures.be\/de\/\" \/>\n<meta property=\"og:locale\" content=\"de_DE\" \/>\n<meta property=\"og:type\" content=\"article\" \/>\n<meta property=\"og:title\" content=\"SMI - weltweiter Anbieter von Nahtmaterial h\u00f6chster Qualit\u00e4t\" \/>\n<meta property=\"og:description\" content=\"Die SMI AG - das erste belgische Unternehmen, das chirurgisches, ophthalmologisches und zahn\u00e4rztliches Nahtmaterial hergestellt hat - wurde 1987 gegr\u00fcndet und ist heute als weltweit t\u00e4tiger Hersteller von chirurgischem Nahtmaterial anerkannt.\" \/>\n<meta property=\"og:url\" content=\"https:\/\/www.sutures.be\/de\/\" \/>\n<meta property=\"og:site_name\" content=\"SMI\" \/>\n<meta property=\"article:modified_time\" content=\"2023-11-07T19:51:23+00:00\" \/>\n<meta name=\"twitter:card\" content=\"summary_large_image\" \/>\n<meta name=\"twitter:label1\" content=\"Gesch\u00e4tzte Lesezeit\" \/>\n\t<meta name=\"twitter:data1\" content=\"1\u00a0Minute\" \/>\n<script type=\"application\/ld+json\" class=\"yoast-schema-graph\">{\"@context\":\"https:\/\/schema.org\",\"@graph\":[{\"@type\":\"WebPage\",\"@id\":\"https:\/\/www.sutures.be\/de\/\",\"url\":\"https:\/\/www.sutures.be\/de\/\",\"name\":\"SMI - weltweiter Anbieter von Nahtmaterial h\u00f6chster Qualit\u00e4t\",\"isPartOf\":{\"@id\":\"https:\/\/www.sutures.be\/#website\"},\"datePublished\":\"2017-10-27T14:15:45+00:00\",\"dateModified\":\"2023-11-07T19:51:23+00:00\",\"description\":\"Die SMI AG - das erste belgische Unternehmen, das chirurgisches, ophthalmologisches und zahn\u00e4rztliches Nahtmaterial hergestellt hat - wurde 1987 gegr\u00fcndet und ist heute als weltweit t\u00e4tiger Hersteller von chirurgischem Nahtmaterial anerkannt.\",\"breadcrumb\":{\"@id\":\"https:\/\/www.sutures.be\/de\/#breadcrumb\"},\"inLanguage\":\"de\",\"potentialAction\":[{\"@type\":\"ReadAction\",\"target\":[\"https:\/\/www.sutures.be\/de\/\"]}]},{\"@type\":\"BreadcrumbList\",\"@id\":\"https:\/\/www.sutures.be\/de\/#breadcrumb\",\"itemListElement\":[{\"@type\":\"ListItem\",\"position\":1,\"name\":\"Accueil\",\"item\":\"https:\/\/www.sutures.be\/de\/\"},{\"@type\":\"ListItem\",\"position\":2,\"name\":\"SMI\"}]},{\"@type\":\"WebSite\",\"@id\":\"https:\/\/www.sutures.be\/#website\",\"url\":\"https:\/\/www.sutures.be\/\",\"name\":\"SMI\",\"description\":\"\",\"potentialAction\":[{\"@type\":\"SearchAction\",\"target\":{\"@type\":\"EntryPoint\",\"urlTemplate\":\"https:\/\/www.sutures.be\/?s={search_term_string}\"},\"query-input\":\"required name=search_term_string\"}],\"inLanguage\":\"de\"}]}<\/script>\n<!-- \/ Yoast SEO plugin. -->","yoast_head_json":{"title":"SMI - weltweiter Anbieter von Nahtmaterial h\u00f6chster Qualit\u00e4t","description":"Die SMI AG - das erste belgische Unternehmen, das chirurgisches, ophthalmologisches und zahn\u00e4rztliches Nahtmaterial hergestellt hat - wurde 1987 gegr\u00fcndet und ist heute als weltweit t\u00e4tiger Hersteller von chirurgischem Nahtmaterial anerkannt.","robots":{"index":"index","follow":"follow","max-snippet":"max-snippet:-1","max-image-preview":"max-image-preview:large","max-video-preview":"max-video-preview:-1"},"canonical":"https:\/\/www.sutures.be\/de\/","og_locale":"de_DE","og_type":"article","og_title":"SMI - weltweiter Anbieter von Nahtmaterial h\u00f6chster Qualit\u00e4t","og_description":"Die SMI AG - das erste belgische Unternehmen, das chirurgisches, ophthalmologisches und zahn\u00e4rztliches Nahtmaterial hergestellt hat - wurde 1987 gegr\u00fcndet und ist heute als weltweit t\u00e4tiger Hersteller von chirurgischem Nahtmaterial anerkannt.","og_url":"https:\/\/www.sutures.be\/de\/","og_site_name":"SMI","article_modified_time":"2023-11-07T19:51:23+00:00","twitter_card":"summary_large_image","twitter_misc":{"Gesch\u00e4tzte Lesezeit":"1\u00a0Minute"},"schema":{"@context":"https:\/\/schema.org","@graph":[{"@type":"WebPage","@id":"https:\/\/www.sutures.be\/de\/","url":"https:\/\/www.sutures.be\/de\/","name":"SMI - weltweiter Anbieter von Nahtmaterial h\u00f6chster Qualit\u00e4t","isPartOf":{"@id":"https:\/\/www.sutures.be\/#website"},"datePublished":"2017-10-27T14:15:45+00:00","dateModified":"2023-11-07T19:51:23+00:00","description":"Die SMI AG - das erste belgische Unternehmen, das chirurgisches, ophthalmologisches und zahn\u00e4rztliches Nahtmaterial hergestellt hat - wurde 1987 gegr\u00fcndet und ist heute als weltweit t\u00e4tiger Hersteller von chirurgischem Nahtmaterial anerkannt.","breadcrumb":{"@id":"https:\/\/www.sutures.be\/de\/#breadcrumb"},"inLanguage":"de","potentialAction":[{"@type":"ReadAction","target":["https:\/\/www.sutures.be\/de\/"]}]},{"@type":"BreadcrumbList","@id":"https:\/\/www.sutures.be\/de\/#breadcrumb","itemListElement":[{"@type":"ListItem","position":1,"name":"Accueil","item":"https:\/\/www.sutures.be\/de\/"},{"@type":"ListItem","position":2,"name":"SMI"}]},{"@type":"WebSite","@id":"https:\/\/www.sutures.be\/#website","url":"https:\/\/www.sutures.be\/","name":"SMI","description":"","potentialAction":[{"@type":"SearchAction","target":{"@type":"EntryPoint","urlTemplate":"https:\/\/www.sutures.be\/?s={search_term_string}"},"query-input":"required name=search_term_string"}],"inLanguage":"de"}]}},"_links":{"self":[{"href":"https:\/\/www.sutures.be\/de\/wp-json\/wp\/v2\/pages\/7014"}],"collection":[{"href":"https:\/\/www.sutures.be\/de\/wp-json\/wp\/v2\/pages"}],"about":[{"href":"https:\/\/www.sutures.be\/de\/wp-json\/wp\/v2\/types\/page"}],"author":[{"embeddable":true,"href":"https:\/\/www.sutures.be\/de\/wp-json\/wp\/v2\/users\/2"}],"replies":[{"embeddable":true,"href":"https:\/\/www.sutures.be\/de\/wp-json\/wp\/v2\/comments?post=7014"}],"version-history":[{"count":1,"href":"https:\/\/www.sutures.be\/de\/wp-json\/wp\/v2\/pages\/7014\/revisions"}],"predecessor-version":[{"id":10272,"href":"https:\/\/www.sutures.be\/de\/wp-json\/wp\/v2\/pages\/7014\/revisions\/10272"}],"wp:attachment":[{"href":"https:\/\/www.sutures.be\/de\/wp-json\/wp\/v2\/media?parent=7014"}],"curies":[{"name":"wp","href":"https:\/\/api.w.org\/{rel}","templated":true}]}}